{"id":13,"date":"2023-03-01T10:34:02","date_gmt":"2023-03-01T10:34:02","guid":{"rendered":"http:\/\/eq7caen.mds.campus-vannes.yt\/wp\/?page_id=13"},"modified":"2023-06-08T14:42:19","modified_gmt":"2023-06-08T12:42:19","slug":"services","status":"publish","type":"page","link":"https:\/\/hmva.net\/index.php\/services\/","title":{"rendered":"SERVICES\/FORMATIONS"},"content":{"rendered":"\t\t<div data-elementor-type=\"wp-page\" data-elementor-id=\"13\" class=\"elementor elementor-13\">\n\t\t\t\t\t\t<section class=\"elementor-section elementor-top-section elementor-element elementor-element-103a70e elementor-section-boxed elementor-section-height-default elementor-section-height-default\" data-id=\"103a70e\" data-element_type=\"section\" data-e-type=\"section\">\n\t\t\t\t\t\t<div class=\"elementor-container elementor-column-gap-default\">\n\t\t\t\t\t<div class=\"elementor-column elementor-col-100 elementor-top-column elementor-element elementor-element-e31f83e\" data-id=\"e31f83e\" data-element_type=\"column\" data-e-type=\"column\">\n\t\t\t<div class=\"elementor-widget-wrap elementor-element-populated\">\n\t\t\t\t\t\t<div class=\"elementor-element elementor-element-eca6742 elementor-widget elementor-widget-heading\" data-id=\"eca6742\" data-element_type=\"widget\" data-e-type=\"widget\" data-widget_type=\"heading.default\">\n\t\t\t\t<div class=\"elementor-widget-container\">\n\t\t\t\t\t<h1 class=\"elementor-heading-title elementor-size-default\">Les Services et Formations Propos\u00e9s par HMVA<\/h1>\t\t\t\t<\/div>\n\t\t\t\t<\/div>\n\t\t\t\t<div class=\"elementor-element elementor-element-effbb1e elementor-widget elementor-widget-spacer\" data-id=\"effbb1e\" data-element_type=\"widget\" data-e-type=\"widget\" data-widget_type=\"spacer.default\">\n\t\t\t\t<div class=\"elementor-widget-container\">\n\t\t\t\t\t\t\t<div class=\"elementor-spacer\">\n\t\t\t<div class=\"elementor-spacer-inner\"><\/div>\n\t\t<\/div>\n\t\t\t\t\t\t<\/div>\n\t\t\t\t<\/div>\n\t\t\t\t\t<\/div>\n\t\t<\/div>\n\t\t\t\t\t<\/div>\n\t\t<\/section>\n\t\t\t\t<section class=\"elementor-section elementor-top-section elementor-element elementor-element-f1456c1 elementor-section-boxed elementor-section-height-default elementor-section-height-default\" data-id=\"f1456c1\" data-element_type=\"section\" data-e-type=\"section\">\n\t\t\t\t\t\t<div class=\"elementor-container elementor-column-gap-default\">\n\t\t\t\t\t<div class=\"elementor-column elementor-col-50 elementor-top-column elementor-element elementor-element-a31a39a\" data-id=\"a31a39a\" data-element_type=\"column\" data-e-type=\"column\">\n\t\t\t<div class=\"elementor-widget-wrap elementor-element-populated\">\n\t\t\t\t\t\t<div class=\"elementor-element elementor-element-3826dd5 elementor-widget elementor-widget-text-editor\" data-id=\"3826dd5\" data-element_type=\"widget\" data-e-type=\"widget\" data-widget_type=\"text-editor.default\">\n\t\t\t\t<div class=\"elementor-widget-container\">\n\t\t\t\t\t\t\t\t\t<h4>Pour les Adh\u00e9rents l&rsquo;association propose :<\/h4>\n<p>&#8211; Ateliers informatiques en petit groupe.<br><\/p>\n<p>&#8211; Ateliers adapt\u00e9s aux personnes en situation de handicap et aux personnes \u00e2g\u00e9es.&nbsp;<\/p>\n<p>&#8211; Des cours individualis\u00e9s et qui tiennent compte du niveau et des possibilit\u00e9s de chaque personne.<\/p>\t\t\t\t\t\t\t\t<\/div>\n\t\t\t\t<\/div>\n\t\t\t\t\t<\/div>\n\t\t<\/div>\n\t\t\t\t<div class=\"elementor-column elementor-col-50 elementor-top-column elementor-element elementor-element-71034dd\" data-id=\"71034dd\" data-element_type=\"column\" data-e-type=\"column\">\n\t\t\t<div class=\"elementor-widget-wrap elementor-element-populated\">\n\t\t\t\t\t\t<div class=\"elementor-element elementor-element-27d4984 elementor-widget elementor-widget-text-editor\" data-id=\"27d4984\" data-element_type=\"widget\" data-e-type=\"widget\" data-widget_type=\"text-editor.default\">\n\t\t\t\t<div class=\"elementor-widget-container\">\n\t\t\t\t\t\t\t\t\t<h4>Nos objectifs :<\/h4>\n<p>&#8211; R\u00e9ussir \u00e0 utiliser l&rsquo;ordinateur<\/p>\n<p>&#8211; Autonomie sur certains logiciels<\/p>\n<p>&#8211; Ma\u00eetrise des p\u00e9riph\u00e9riques informatiques<\/p>\n<p>&#8211; Compr\u00e9hension et utilisation d&rsquo;internet et de la messagerie<\/p>\n<p>&#8211; Traitement de l&rsquo;image num\u00e9rique<\/p>\t\t\t\t\t\t\t\t<\/div>\n\t\t\t\t<\/div>\n\t\t\t\t\t<\/div>\n\t\t<\/div>\n\t\t\t\t\t<\/div>\n\t\t<\/section>\n\t\t\t\t<section class=\"elementor-section elementor-top-section elementor-element elementor-element-8673555 elementor-section-boxed elementor-section-height-default elementor-section-height-default\" data-id=\"8673555\" data-element_type=\"section\" data-e-type=\"section\">\n\t\t\t\t\t\t<div class=\"elementor-container elementor-column-gap-default\">\n\t\t\t\t\t<div class=\"elementor-column elementor-col-100 elementor-top-column elementor-element elementor-element-9b2d37d\" data-id=\"9b2d37d\" data-element_type=\"column\" data-e-type=\"column\">\n\t\t\t<div class=\"elementor-widget-wrap elementor-element-populated\">\n\t\t\t\t\t\t<div class=\"elementor-element elementor-element-3a6ce9d elementor-widget elementor-widget-text-editor\" data-id=\"3a6ce9d\" data-element_type=\"widget\" data-e-type=\"widget\" data-widget_type=\"text-editor.default\">\n\t\t\t\t<div class=\"elementor-widget-container\">\n\t\t\t\t\t\t\t\t\t<p>Notre exp\u00e9rience nous permet d&rsquo;identifier les besoins sp\u00e9cifiques li\u00e9s au handicap de la personne. Une m\u00e9thodologie d&rsquo;apprentissage est propos\u00e9e pour chacun de nos participants.<\/p><p><span style=\"font-family: var( --e-global-typography-text-font-family ), Sans-serif; font-weight: var( --e-global-typography-text-font-weight ); font-size: 1rem;\">Chacun s&rsquo;approprie l&rsquo;outil informatique en fonction de ses go\u00fbts, ses besoins et ses aptitudes.<\/span><\/p><p><span style=\"font-family: var( --e-global-typography-text-font-family ), Sans-serif; font-weight: var( --e-global-typography-text-font-weight ); font-size: 1rem;\">Il s&rsquo;agit pour nous de mettre en place une approche de l&rsquo;outil informatique sans \u00e9chec et avec un co\u00fbt adapt\u00e9 aux ressources de la personne avec un mat\u00e9riel adapt\u00e9.<\/span><\/p>\t\t\t\t\t\t\t\t<\/div>\n\t\t\t\t<\/div>\n\t\t\t\t\t<\/div>\n\t\t<\/div>\n\t\t\t\t\t<\/div>\n\t\t<\/section>\n\t\t\t\t<section class=\"elementor-section elementor-top-section elementor-element elementor-element-44d2968 elementor-section-boxed elementor-section-height-default elementor-section-height-default\" data-id=\"44d2968\" data-element_type=\"section\" data-e-type=\"section\">\n\t\t\t\t\t\t<div class=\"elementor-container elementor-column-gap-default\">\n\t\t\t\t\t<div class=\"elementor-column elementor-col-100 elementor-top-column elementor-element elementor-element-c481337\" data-id=\"c481337\" data-element_type=\"column\" data-e-type=\"column\">\n\t\t\t<div class=\"elementor-widget-wrap elementor-element-populated\">\n\t\t\t\t\t\t<div class=\"elementor-element elementor-element-76f63a4 elementor-widget elementor-widget-text-editor\" data-id=\"76f63a4\" data-element_type=\"widget\" data-e-type=\"widget\" data-widget_type=\"text-editor.default\">\n\t\t\t\t<div class=\"elementor-widget-container\">\n\t\t\t\t\t\t\t\t\t<h5>Informations suppl\u00e9mentaires :<\/h5>\n<p><\/p>\n<p>\u2022 Pas de niveau requis<\/p>\n<p>\u2022 Cours collectifs (5 &#8211; 6 personnes maximum)<\/p>\n<p>\u2022 Tarif accessible \u00e0 tous<\/p>\n<p>\u2022 Obligation d&rsquo;\u00eatre adh\u00e9rent de l&rsquo;association HMVA&nbsp;<\/p>\t\t\t\t\t\t\t\t<\/div>\n\t\t\t\t<\/div>\n\t\t\t\t\t<\/div>\n\t\t<\/div>\n\t\t\t\t\t<\/div>\n\t\t<\/section>\n\t\t\t\t<section class=\"elementor-section elementor-top-section elementor-element elementor-element-0b4c812 elementor-section-boxed elementor-section-height-default elementor-section-height-default\" data-id=\"0b4c812\" data-element_type=\"section\" data-e-type=\"section\">\n\t\t\t\t\t\t<div class=\"elementor-container elementor-column-gap-default\">\n\t\t\t\t\t<div class=\"elementor-column elementor-col-100 elementor-top-column elementor-element elementor-element-629a543\" data-id=\"629a543\" data-element_type=\"column\" data-e-type=\"column\">\n\t\t\t<div class=\"elementor-widget-wrap elementor-element-populated\">\n\t\t\t\t\t\t<div class=\"elementor-element elementor-element-33eefe2 elementor-widget elementor-widget-text-editor\" data-id=\"33eefe2\" data-element_type=\"widget\" data-e-type=\"widget\" data-widget_type=\"text-editor.default\">\n\t\t\t\t<div class=\"elementor-widget-container\">\n\t\t\t\t\t\t\t\t\t<h4>Pour les formations l&rsquo;association propose :<\/h4>\n<h5><span style=\"font-family: var( --e-global-typography-text-font-family ), Sans-serif; font-weight: var( --e-global-typography-text-font-weight ); font-size: 1rem;\">Une formation aux Collectivit\u00e9s :<\/span><\/h5>\n<p><span style=\"font-family: var( --e-global-typography-text-font-family ), Sans-serif; font-weight: var( --e-global-typography-text-font-weight ); font-size: 1rem;\">Sensibilisation aux handicaps et mise en situation (\u00e9lus, agents d&rsquo;accueil, personnel encadrant, etc)<\/span><\/p>\n<p><span style=\"font-family: var( --e-global-typography-text-font-family ), Sans-serif; font-weight: var( --e-global-typography-text-font-weight ); font-size: 1rem;\">Avec un objectif \u00e0 atteindre, la sensibilisation des \u00e9lus \u00e0 tous les types de handicap.<\/span><\/p>\n<h5><span style=\"font-family: var( --e-global-typography-text-font-family ), Sans-serif; font-weight: var( --e-global-typography-text-font-weight ); font-size: 1rem;\">Autres formations propos\u00e9es :&nbsp;<\/span><\/h5>\n<p><span style=\"font-family: var( --e-global-typography-text-font-family ), Sans-serif; font-weight: var( --e-global-typography-text-font-weight ); font-size: 1rem;\">Connaissance et compr\u00e9hension de la loi du 11 f\u00e9vrier 2005 : Th\u00e9orie et mise en situation.<\/span><\/p>\n<p><span style=\"font-family: var( --e-global-typography-text-font-family ), Sans-serif; font-weight: var( --e-global-typography-text-font-weight ); font-size: 1rem;\">Formation des personnels \u00e0 la sensibilisation des handicaps.<\/span><\/p>\n<p><span style=\"font-family: var( --e-global-typography-text-font-family ), Sans-serif; font-weight: var( --e-global-typography-text-font-weight ); font-size: 1rem;\">Ces formations font l&rsquo;objet d&rsquo;un devis suivi d&rsquo;une convention de formation.<\/span><\/p>\t\t\t\t\t\t\t\t<\/div>\n\t\t\t\t<\/div>\n\t\t\t\t<div class=\"elementor-element elementor-element-9b0760f elementor-widget elementor-widget-spacer\" data-id=\"9b0760f\" data-element_type=\"widget\" data-e-type=\"widget\" data-widget_type=\"spacer.default\">\n\t\t\t\t<div class=\"elementor-widget-container\">\n\t\t\t\t\t\t\t<div class=\"elementor-spacer\">\n\t\t\t<div class=\"elementor-spacer-inner\"><\/div>\n\t\t<\/div>\n\t\t\t\t\t\t<\/div>\n\t\t\t\t<\/div>\n\t\t\t\t\t<\/div>\n\t\t<\/div>\n\t\t\t\t\t<\/div>\n\t\t<\/section>\n\t\t\t\t<\/div>\n\t\t","protected":false},"excerpt":{"rendered":"<p>Les Services et Formations Propos\u00e9s par HMVA Pour les Adh\u00e9rents l&rsquo;association propose : &#8211; Ateliers informatiques en petit groupe. &#8211; Ateliers adapt\u00e9s aux personnes en situation de handicap et aux personnes \u00e2g\u00e9es.&nbsp; &#8211; Des cours individualis\u00e9s et qui tiennent compte du niveau et des possibilit\u00e9s de chaque personne. Nos objectifs : &#8211; R\u00e9ussir \u00e0 utiliser [&hellip;]<\/p>\n","protected":false},"author":1,"featured_media":0,"parent":0,"menu_order":0,"comment_status":"closed","ping_status":"closed","template":"","meta":{"footnotes":""},"class_list":["post-13","page","type-page","status-publish","hentry"],"_links":{"self":[{"href":"https:\/\/hmva.net\/index.php\/wp-json\/wp\/v2\/pages\/13","targetHints":{"allow":["GET"]}}],"collection":[{"href":"https:\/\/hmva.net\/index.php\/wp-json\/wp\/v2\/pages"}],"about":[{"href":"https:\/\/hmva.net\/index.php\/wp-json\/wp\/v2\/types\/page"}],"author":[{"embeddable":true,"href":"https:\/\/hmva.net\/index.php\/wp-json\/wp\/v2\/users\/1"}],"replies":[{"embeddable":true,"href":"https:\/\/hmva.net\/index.php\/wp-json\/wp\/v2\/comments?post=13"}],"version-history":[{"count":19,"href":"https:\/\/hmva.net\/index.php\/wp-json\/wp\/v2\/pages\/13\/revisions"}],"predecessor-version":[{"id":1366,"href":"https:\/\/hmva.net\/index.php\/wp-json\/wp\/v2\/pages\/13\/revisions\/1366"}],"wp:attachment":[{"href":"https:\/\/hmva.net\/index.php\/wp-json\/wp\/v2\/media?parent=13"}],"curies":[{"name":"wp","href":"https:\/\/api.w.org\/{rel}","templated":true}]}}