{"id":19,"date":"2023-03-01T10:33:28","date_gmt":"2023-03-01T10:33:28","guid":{"rendered":"http:\/\/eq7caen.mds.campus-vannes.yt\/wp\/?page_id=19"},"modified":"2026-03-05T15:48:23","modified_gmt":"2026-03-05T14:48:23","slug":"activites","status":"publish","type":"page","link":"https:\/\/hmva.net\/index.php\/activites\/","title":{"rendered":"ACTIVIT\u00c9S\/INFORMATIONS"},"content":{"rendered":"\t\t<div data-elementor-type=\"wp-page\" data-elementor-id=\"19\" class=\"elementor elementor-19\">\n\t\t\t\t\t\t<section class=\"elementor-section elementor-top-section elementor-element elementor-element-6223b37 elementor-section-boxed elementor-section-height-default elementor-section-height-default\" data-id=\"6223b37\" data-element_type=\"section\" data-e-type=\"section\">\n\t\t\t\t\t\t<div class=\"elementor-container elementor-column-gap-default\">\n\t\t\t\t\t<div class=\"elementor-column elementor-col-100 elementor-top-column elementor-element elementor-element-d17d28b\" data-id=\"d17d28b\" data-element_type=\"column\" data-e-type=\"column\">\n\t\t\t<div class=\"elementor-widget-wrap elementor-element-populated\">\n\t\t\t\t\t\t<div class=\"elementor-element elementor-element-7b9958b elementor-widget elementor-widget-heading\" data-id=\"7b9958b\" data-element_type=\"widget\" data-e-type=\"widget\" data-widget_type=\"heading.default\">\n\t\t\t\t<div class=\"elementor-widget-container\">\n\t\t\t\t\t<h1 class=\"elementor-heading-title elementor-size-default\">Nos Activit\u00e9s et Nos Informations !<\/h1>\t\t\t\t<\/div>\n\t\t\t\t<\/div>\n\t\t\t\t<div class=\"elementor-element elementor-element-30b759e elementor-widget elementor-widget-spacer\" data-id=\"30b759e\" data-element_type=\"widget\" data-e-type=\"widget\" data-widget_type=\"spacer.default\">\n\t\t\t\t<div class=\"elementor-widget-container\">\n\t\t\t\t\t\t\t<div class=\"elementor-spacer\">\n\t\t\t<div class=\"elementor-spacer-inner\"><\/div>\n\t\t<\/div>\n\t\t\t\t\t\t<\/div>\n\t\t\t\t<\/div>\n\t\t\t\t<div class=\"elementor-element elementor-element-a409b61 elementor-widget elementor-widget-text-editor\" data-id=\"a409b61\" data-element_type=\"widget\" data-e-type=\"widget\" data-widget_type=\"text-editor.default\">\n\t\t\t\t<div class=\"elementor-widget-container\">\n\t\t\t\t\t\t\t\t\t<p><strong>Sur cette page, nous avons d\u00e9cid\u00e9 de vous proposer diff\u00e9rentes activit\u00e9s, si vous \u00eates int\u00e9ress\u00e9s nous vous remercions de nous contacter soit par mail \u00e0 contact@hmva.net soit par t\u00e9l\u00e9phone au 02 31 72 35 34 ou vous pouvez \u00e9galement nous rendre visite \u00e0 nos locaux ou nous vous accueillerons avec grand plaisir.<\/strong><\/p>\n<p><span style=\"text-decoration: underline;\"><strong>Liste des activit\u00e9s propos\u00e9es prochainement&nbsp;<\/strong><\/span><\/p>\n<ul>\n<li style=\"font-size: 16px;\"><span style=\"font-weight: bolder;\">Invitation au LOTO &#8212; Dimanche 29 mars 2026<\/span><\/li>\n<li style=\"font-size: 16px;\"><span style=\"font-weight: bolder;\">De 14h \u00e0 17h \u00e0 la Salle de quartier Venoix, 102 avenue henry cheron, Caen.<\/span><\/li>\n<li style=\"font-size: 16px;\"><span style=\"font-weight: bolder;\">Tarif : 5\u20ac les trois cartons, 1.5\u20ac le cartons suppl\u00e9mentaire, une boisson offerte.<\/span><\/li>\n<li style=\"font-size: 16px;\"><span style=\"font-weight: bolder;\">Inscription avant le 22 mars par courrier ou sur le site web ou via helloasso.<\/span><\/li>\n<\/ul>\n<div>&nbsp;<\/div>\n<div>&nbsp;<\/div>\n<div>&nbsp;<\/div>\n<p><iframe style=\"width: 100%; height: 70px; border: medium; --wp-dark-mode-inline-border-top: currentcolor; --wp-dark-mode-inline-border-right: currentcolor; --wp-dark-mode-inline-border-bottom: currentcolor; --wp-dark-mode-inline-border-left: currentcolor;\" src=\"https:\/\/www.helloasso.com\/associations\/handicap-mieux-vivre-accueil\/evenements\/loto-hmva\/widget-bouton\" data-wp-dark-mode-inline-border-top=\"\" data-wp-dark-mode-inline-border-right=\"\" data-wp-dark-mode-inline-border-bottom=\"\" data-wp-dark-mode-inline-border-left=\"\"><\/iframe><\/p>\n<div>&nbsp;<\/div>\n<div><b>&nbsp;<\/b><\/div>\n<ul>\n<li style=\"font-size: 16px;\"><span style=\"font-weight: bolder;\">Pas d&rsquo;autres activit\u00e9s pour le moment, pour les prochaines activit\u00e9s nous vous tiendrons inform\u00e9 !<\/span><\/li>\n<\/ul>\n<div><b>&nbsp;<\/b><\/div>\n<div>&nbsp;<\/div>\n<p><strong>Nous pouvons \u00e9galement organiser des cours informatiques en petits groupes d\u2019au moins 3 \u00e0 6 personnes, veuillez-nous contact\u00e9s si cela vous int\u00e9resse.<\/strong><\/p>5\t\t\t\t\t\t\t\t<\/div>\n\t\t\t\t<\/div>\n\t\t\t\t\t<\/div>\n\t\t<\/div>\n\t\t\t\t\t<\/div>\n\t\t<\/section>\n\t\t\t\t<section class=\"elementor-section elementor-top-section elementor-element elementor-element-c59b35c elementor-section-boxed elementor-section-height-default elementor-section-height-default\" data-id=\"c59b35c\" data-element_type=\"section\" data-e-type=\"section\">\n\t\t\t\t\t\t<div class=\"elementor-container elementor-column-gap-default\">\n\t\t\t\t\t<div class=\"elementor-column elementor-col-100 elementor-top-column elementor-element elementor-element-99b99ab\" data-id=\"99b99ab\" data-element_type=\"column\" data-e-type=\"column\">\n\t\t\t<div class=\"elementor-widget-wrap elementor-element-populated\">\n\t\t\t\t\t\t<div class=\"elementor-element elementor-element-c3cb9c9 elementor-widget elementor-widget-image\" data-id=\"c3cb9c9\" data-element_type=\"widget\" data-e-type=\"widget\" data-widget_type=\"image.default\">\n\t\t\t\t<div class=\"elementor-widget-container\">\n\t\t\t\t\t\t\t\t\t\t\t\t\t\t\t<img fetchpriority=\"high\" decoding=\"async\" width=\"2560\" height=\"1103\" src=\"https:\/\/hmva.net\/wp-content\/uploads\/2023\/03\/MicrosoftTeams-image-5.jpg\" class=\"attachment-full size-full wp-image-175\" alt=\"\" srcset=\"https:\/\/hmva.net\/wp-content\/uploads\/2023\/03\/MicrosoftTeams-image-5.jpg 2560w, https:\/\/hmva.net\/wp-content\/uploads\/2023\/03\/MicrosoftTeams-image-5-300x129.jpg 300w, https:\/\/hmva.net\/wp-content\/uploads\/2023\/03\/MicrosoftTeams-image-5-1024x441.jpg 1024w, https:\/\/hmva.net\/wp-content\/uploads\/2023\/03\/MicrosoftTeams-image-5-768x331.jpg 768w, https:\/\/hmva.net\/wp-content\/uploads\/2023\/03\/MicrosoftTeams-image-5-1536x662.jpg 1536w, https:\/\/hmva.net\/wp-content\/uploads\/2023\/03\/MicrosoftTeams-image-5-2048x882.jpg 2048w\" sizes=\"(max-width: 2560px) 100vw, 2560px\" \/>\t\t\t\t\t\t\t\t\t\t\t\t\t\t\t<\/div>\n\t\t\t\t<\/div>\n\t\t\t\t<div class=\"elementor-element elementor-element-303a021 elementor-widget elementor-widget-button\" data-id=\"303a021\" data-element_type=\"widget\" data-e-type=\"widget\" data-widget_type=\"button.default\">\n\t\t\t\t<div class=\"elementor-widget-container\">\n\t\t\t\t\t\t\t\t\t<div class=\"elementor-button-wrapper\">\n\t\t\t\t\t<a class=\"elementor-button elementor-button-link elementor-size-sm\" href=\"#\">\n\t\t\t\t\t\t<span class=\"elementor-button-content-wrapper\">\n\t\t\t\t\t\t\t\t\t<span class=\"elementor-button-text\">Cliquez ici<\/span>\n\t\t\t\t\t<\/span>\n\t\t\t\t\t<\/a>\n\t\t\t\t<\/div>\n\t\t\t\t\t\t\t\t<\/div>\n\t\t\t\t<\/div>\n\t\t\t\t\t<\/div>\n\t\t<\/div>\n\t\t\t\t\t<\/div>\n\t\t<\/section>\n\t\t\t\t<\/div>\n\t\t","protected":false},"excerpt":{"rendered":"<p>Nos Activit\u00e9s et Nos Informations ! Sur cette page, nous avons d\u00e9cid\u00e9 de vous proposer diff\u00e9rentes activit\u00e9s, si vous \u00eates int\u00e9ress\u00e9s nous vous remercions de nous contacter soit par mail \u00e0 contact@hmva.net soit par t\u00e9l\u00e9phone au 02 31 72 35 34 ou vous pouvez \u00e9galement nous rendre visite \u00e0 nos locaux ou nous vous accueillerons [&hellip;]<\/p>\n","protected":false},"author":1,"featured_media":0,"parent":0,"menu_order":0,"comment_status":"closed","ping_status":"closed","template":"","meta":{"footnotes":""},"class_list":["post-19","page","type-page","status-publish","hentry"],"_links":{"self":[{"href":"https:\/\/hmva.net\/index.php\/wp-json\/wp\/v2\/pages\/19","targetHints":{"allow":["GET"]}}],"collection":[{"href":"https:\/\/hmva.net\/index.php\/wp-json\/wp\/v2\/pages"}],"about":[{"href":"https:\/\/hmva.net\/index.php\/wp-json\/wp\/v2\/types\/page"}],"author":[{"embeddable":true,"href":"https:\/\/hmva.net\/index.php\/wp-json\/wp\/v2\/users\/1"}],"replies":[{"embeddable":true,"href":"https:\/\/hmva.net\/index.php\/wp-json\/wp\/v2\/comments?post=19"}],"version-history":[{"count":326,"href":"https:\/\/hmva.net\/index.php\/wp-json\/wp\/v2\/pages\/19\/revisions"}],"predecessor-version":[{"id":2005,"href":"https:\/\/hmva.net\/index.php\/wp-json\/wp\/v2\/pages\/19\/revisions\/2005"}],"wp:attachment":[{"href":"https:\/\/hmva.net\/index.php\/wp-json\/wp\/v2\/media?parent=19"}],"curies":[{"name":"wp","href":"https:\/\/api.w.org\/{rel}","templated":true}]}}