{"id":22,"date":"2023-03-01T10:33:49","date_gmt":"2023-03-01T10:33:49","guid":{"rendered":"http:\/\/eq7caen.mds.campus-vannes.yt\/wp\/?page_id=22"},"modified":"2023-06-01T16:03:53","modified_gmt":"2023-06-01T14:03:53","slug":"contact","status":"publish","type":"page","link":"https:\/\/hmva.net\/index.php\/contact\/","title":{"rendered":"CONTACT"},"content":{"rendered":"\t\t<div data-elementor-type=\"wp-page\" data-elementor-id=\"22\" class=\"elementor elementor-22\">\n\t\t\t\t\t\t<section class=\"elementor-section elementor-top-section elementor-element elementor-element-ae8e774 elementor-section-boxed elementor-section-height-default elementor-section-height-default\" data-id=\"ae8e774\" data-element_type=\"section\" data-e-type=\"section\">\n\t\t\t\t\t\t<div class=\"elementor-container elementor-column-gap-default\">\n\t\t\t\t\t<div class=\"elementor-column elementor-col-100 elementor-top-column elementor-element elementor-element-3cbf833\" data-id=\"3cbf833\" data-element_type=\"column\" data-e-type=\"column\">\n\t\t\t<div class=\"elementor-widget-wrap elementor-element-populated\">\n\t\t\t\t\t\t<div class=\"elementor-element elementor-element-07fef34 elementor-widget elementor-widget-heading\" data-id=\"07fef34\" data-element_type=\"widget\" data-e-type=\"widget\" data-widget_type=\"heading.default\">\n\t\t\t\t<div class=\"elementor-widget-container\">\n\t\t\t\t\t<h1 class=\"elementor-heading-title elementor-size-default\">CONTACT<\/h1>\t\t\t\t<\/div>\n\t\t\t\t<\/div>\n\t\t\t\t\t<\/div>\n\t\t<\/div>\n\t\t\t\t\t<\/div>\n\t\t<\/section>\n\t\t\t\t<section class=\"elementor-section elementor-top-section elementor-element elementor-element-61e2a24 elementor-section-boxed elementor-section-height-default elementor-section-height-default\" data-id=\"61e2a24\" data-element_type=\"section\" data-e-type=\"section\">\n\t\t\t\t\t\t<div class=\"elementor-container elementor-column-gap-default\">\n\t\t\t\t\t<div class=\"elementor-column elementor-col-100 elementor-top-column elementor-element elementor-element-102c219\" data-id=\"102c219\" data-element_type=\"column\" data-e-type=\"column\">\n\t\t\t<div class=\"elementor-widget-wrap elementor-element-populated\">\n\t\t\t\t\t\t<div class=\"elementor-element elementor-element-1a73704 elementor-widget elementor-widget-spacer\" data-id=\"1a73704\" data-element_type=\"widget\" data-e-type=\"widget\" data-widget_type=\"spacer.default\">\n\t\t\t\t<div class=\"elementor-widget-container\">\n\t\t\t\t\t\t\t<div class=\"elementor-spacer\">\n\t\t\t<div class=\"elementor-spacer-inner\"><\/div>\n\t\t<\/div>\n\t\t\t\t\t\t<\/div>\n\t\t\t\t<\/div>\n\t\t\t\t\t<\/div>\n\t\t<\/div>\n\t\t\t\t\t<\/div>\n\t\t<\/section>\n\t\t\t\t<section class=\"elementor-section elementor-top-section elementor-element elementor-element-97304ca elementor-section-boxed elementor-section-height-default elementor-section-height-default\" data-id=\"97304ca\" data-element_type=\"section\" data-e-type=\"section\">\n\t\t\t\t\t\t<div class=\"elementor-container elementor-column-gap-default\">\n\t\t\t\t\t<div class=\"elementor-column elementor-col-50 elementor-top-column elementor-element elementor-element-3194d02\" data-id=\"3194d02\" data-element_type=\"column\" data-e-type=\"column\">\n\t\t\t<div class=\"elementor-widget-wrap elementor-element-populated\">\n\t\t\t\t\t\t<div class=\"elementor-element elementor-element-9d9d366 elementor-widget elementor-widget-google_maps\" data-id=\"9d9d366\" data-element_type=\"widget\" data-e-type=\"widget\" data-widget_type=\"google_maps.default\">\n\t\t\t\t<div class=\"elementor-widget-container\">\n\t\t\t\t\t\t\t<div class=\"elementor-custom-embed\">\n\t\t\t<iframe loading=\"lazy\"\n\t\t\t\t\tsrc=\"https:\/\/maps.google.com\/maps?q=31%20Boulevard%20Georges%20POMPIDOU%2014000%20CAEN&#038;t=m&#038;z=10&#038;output=embed&#038;iwloc=near\"\n\t\t\t\t\ttitle=\"31 Boulevard Georges POMPIDOU 14000 CAEN\"\n\t\t\t\t\taria-label=\"31 Boulevard Georges POMPIDOU 14000 CAEN\"\n\t\t\t><\/iframe>\n\t\t<\/div>\n\t\t\t\t\t\t<\/div>\n\t\t\t\t<\/div>\n\t\t\t\t\t<\/div>\n\t\t<\/div>\n\t\t\t\t<div class=\"elementor-column elementor-col-50 elementor-top-column elementor-element elementor-element-9a6c8fd\" data-id=\"9a6c8fd\" data-element_type=\"column\" data-e-type=\"column\">\n\t\t\t<div class=\"elementor-widget-wrap elementor-element-populated\">\n\t\t\t\t\t\t<div class=\"elementor-element elementor-element-621d0e1 elementor-widget elementor-widget-text-editor\" data-id=\"621d0e1\" data-element_type=\"widget\" data-e-type=\"widget\" data-widget_type=\"text-editor.default\">\n\t\t\t\t<div class=\"elementor-widget-container\">\n\t\t\t\t\t\t\t\t\t<p><u>Ou nous trouver :<\/u><\/p>\n<p>HANDICAP MIEUX VIVRE ACCUEIL<\/p>\n<p>31 Boulevard Georges POMPIDOU 14000 CAEN<\/p>\n<p>(A 200 m\u00e8tres de la billetterie du stade D\u2019ORNANO)<\/p>\n<p>Lignes de Bus : N\u00b02 \u2018CAEN-VENOIX GALLIENI\u2019&nbsp; ou&nbsp; N\u00b08 \u2018Pompidou\u2019<\/p>\n<p><\/p>\n<p><u>Comment nous contacter :<\/u><\/p>\n<p>Contacts t\u00e9l\u00e9phoniques du lundi au vendredi : 9h \u00e0 12h30 &#8211; 14h \u00e0 17h<\/p>\n<p>(Laissez votre message sur notre r\u00e9pondeur)<\/p>\n<p>Et sur rendez-vous les : Lundi \u2013 Mardi de 14h \u00e0 17h<\/p>\n<p><\/p>\n<p><u>T\u00e9l\u00e9phone <\/u>: 02 31 72 35 34<\/p>\n<p><u>Email <\/u>: contact@hmva.net<br><\/p>\t\t\t\t\t\t\t\t<\/div>\n\t\t\t\t<\/div>\n\t\t\t\t\t<\/div>\n\t\t<\/div>\n\t\t\t\t\t<\/div>\n\t\t<\/section>\n\t\t\t\t<section class=\"elementor-section elementor-top-section elementor-element elementor-element-5f4c424 elementor-section-boxed elementor-section-height-default elementor-section-height-default\" data-id=\"5f4c424\" data-element_type=\"section\" data-e-type=\"section\">\n\t\t\t\t\t\t<div class=\"elementor-container elementor-column-gap-default\">\n\t\t\t\t\t<div class=\"elementor-column elementor-col-100 elementor-top-column elementor-element elementor-element-42943a1\" data-id=\"42943a1\" data-element_type=\"column\" data-e-type=\"column\">\n\t\t\t<div class=\"elementor-widget-wrap elementor-element-populated\">\n\t\t\t\t\t\t<div class=\"elementor-element elementor-element-9804511 elementor-widget elementor-widget-spacer\" data-id=\"9804511\" data-element_type=\"widget\" data-e-type=\"widget\" data-widget_type=\"spacer.default\">\n\t\t\t\t<div class=\"elementor-widget-container\">\n\t\t\t\t\t\t\t<div class=\"elementor-spacer\">\n\t\t\t<div class=\"elementor-spacer-inner\"><\/div>\n\t\t<\/div>\n\t\t\t\t\t\t<\/div>\n\t\t\t\t<\/div>\n\t\t\t\t\t<\/div>\n\t\t<\/div>\n\t\t\t\t\t<\/div>\n\t\t<\/section>\n\t\t\t\t<\/div>\n\t\t","protected":false},"excerpt":{"rendered":"<p>CONTACT Ou nous trouver : HANDICAP MIEUX VIVRE ACCUEIL 31 Boulevard Georges POMPIDOU 14000 CAEN (A 200 m\u00e8tres de la billetterie du stade D\u2019ORNANO) Lignes de Bus : N\u00b02 \u2018CAEN-VENOIX GALLIENI\u2019&nbsp; ou&nbsp; N\u00b08 \u2018Pompidou\u2019 Comment nous contacter : Contacts t\u00e9l\u00e9phoniques du lundi au vendredi : 9h \u00e0 12h30 &#8211; 14h \u00e0 17h (Laissez votre message [&hellip;]<\/p>\n","protected":false},"author":1,"featured_media":0,"parent":0,"menu_order":0,"comment_status":"closed","ping_status":"closed","template":"","meta":{"footnotes":""},"class_list":["post-22","page","type-page","status-publish","hentry"],"_links":{"self":[{"href":"https:\/\/hmva.net\/index.php\/wp-json\/wp\/v2\/pages\/22","targetHints":{"allow":["GET"]}}],"collection":[{"href":"https:\/\/hmva.net\/index.php\/wp-json\/wp\/v2\/pages"}],"about":[{"href":"https:\/\/hmva.net\/index.php\/wp-json\/wp\/v2\/types\/page"}],"author":[{"embeddable":true,"href":"https:\/\/hmva.net\/index.php\/wp-json\/wp\/v2\/users\/1"}],"replies":[{"embeddable":true,"href":"https:\/\/hmva.net\/index.php\/wp-json\/wp\/v2\/comments?post=22"}],"version-history":[{"count":6,"href":"https:\/\/hmva.net\/index.php\/wp-json\/wp\/v2\/pages\/22\/revisions"}],"predecessor-version":[{"id":1318,"href":"https:\/\/hmva.net\/index.php\/wp-json\/wp\/v2\/pages\/22\/revisions\/1318"}],"wp:attachment":[{"href":"https:\/\/hmva.net\/index.php\/wp-json\/wp\/v2\/media?parent=22"}],"curies":[{"name":"wp","href":"https:\/\/api.w.org\/{rel}","templated":true}]}}